{"id":29571,"date":"2025-10-27T23:48:08","date_gmt":"2025-10-27T21:48:08","guid":{"rendered":"https:\/\/www.lica.ch\/?page_id=29571"},"modified":"2026-01-17T01:02:48","modified_gmt":"2026-01-17T00:02:48","slug":"credit-card","status":"publish","type":"page","link":"https:\/\/www.lica.ch\/en\/carte-de-credit\/","title":{"rendered":"Credit card"},"content":{"rendered":"<div data-elementor-type=\"wp-page\" data-elementor-id=\"29571\" class=\"elementor elementor-29571\" data-elementor-post-type=\"page\">\n\t\t\t\t<main class=\"elementor-element elementor-element-a3591e7 e-flex e-con-boxed e-con e-parent\" data-id=\"a3591e7\" data-element_type=\"container\" data-e-type=\"container\" data-settings=\"{&quot;background_background&quot;:&quot;classic&quot;}\">\n\t\t\t\t\t<div class=\"e-con-inner\">\n\t\t\t\t<div class=\"elementor-element elementor-element-8a96bba animated-fast elementor-invisible elementor-widget elementor-widget-heading\" data-id=\"8a96bba\" data-element_type=\"widget\" data-e-type=\"widget\" data-settings=\"{&quot;_animation&quot;:&quot;fadeInRight&quot;,&quot;_animation_delay&quot;:0}\" data-widget_type=\"heading.default\">\n\t\t\t\t\t<h1 class=\"elementor-heading-title elementor-size-default\">Cash back on every purchase?<br>\nAbsolutely! With the Certo! One Mastercard<sup>\u00ae<\/sup><\/h1>\t\t\t\t<\/div>\n\t\t\t\t<div class=\"elementor-element elementor-element-844630e animated-fast elementor-invisible elementor-widget elementor-widget-heading\" data-id=\"844630e\" data-element_type=\"widget\" data-e-type=\"widget\" data-settings=\"{&quot;_animation&quot;:&quot;fadeInLeft&quot;,&quot;_animation_delay&quot;:200}\" data-widget_type=\"heading.default\">\n\t\t\t\t\t<h2 class=\"elementor-heading-title elementor-size-default\">Lica MyDesign<\/h2>\t\t\t\t<\/div>\n\t\t\t\t<div class=\"elementor-element elementor-element-f3aea5b animated-slow elementor-hidden-desktop elementor-hidden-laptop elementor-hidden-tablet elementor-invisible elementor-widget elementor-widget-image\" data-id=\"f3aea5b\" data-element_type=\"widget\" data-e-type=\"widget\" data-settings=\"{&quot;_animation&quot;:&quot;tada&quot;,&quot;_animation_delay&quot;:300}\" data-widget_type=\"image.default\">\n\t\t\t\t\t\t\t\t\t\t\t\t\t\t\t\t<a href=\"https:\/\/certo-card.ch\/brand\/fr\/lica\" target=\"_blank\">\n\t\t\t\t\t\t\t<img fetchpriority=\"high\" decoding=\"async\" width=\"460\" height=\"345\" src=\"https:\/\/www.lica.ch\/wp-content\/uploads\/2025\/10\/Carte-De-Credit_Carte-De-Credit_Carte.webp\" class=\"attachment-large size-large wp-image-29682\" alt=\"Credit card\" srcset=\"https:\/\/www.lica.ch\/wp-content\/uploads\/2025\/10\/Carte-De-Credit_Carte-De-Credit_Carte.webp 460w, https:\/\/www.lica.ch\/wp-content\/uploads\/2025\/10\/Carte-De-Credit_Carte-De-Credit_Carte-300x225.webp 300w, https:\/\/www.lica.ch\/wp-content\/uploads\/2025\/10\/Carte-De-Credit_Carte-De-Credit_Carte-16x12.webp 16w\" sizes=\"(max-width: 460px) 100vw, 460px\" \/>\t\t\t\t\t\t\t\t<\/a>\n\t\t\t\t\t\t\t\t\t\t\t\t\t\t\t<\/div>\n\t\t<div class=\"elementor-element elementor-element-703ce5c e-grid e-con-full e-con e-child\" data-id=\"703ce5c\" data-element_type=\"container\" data-e-type=\"container\">\n\t\t<div class=\"elementor-element elementor-element-229b735 e-con-full e-flex e-con e-child\" data-id=\"229b735\" data-element_type=\"container\" data-e-type=\"container\">\n\t\t\t\t<div class=\"elementor-element elementor-element-319a128 animated-fast elementor-icon-list--layout-traditional elementor-list-item-link-full_width elementor-invisible elementor-widget elementor-widget-icon-list\" data-id=\"319a128\" data-element_type=\"widget\" data-e-type=\"widget\" data-settings=\"{&quot;_animation&quot;:&quot;fadeInLeft&quot;,&quot;_animation_delay&quot;:400}\" data-widget_type=\"icon-list.default\">\n\t\t\t\t\t\t\t<ul class=\"elementor-icon-list-items\">\n\t\t\t\t\t\t\t<li class=\"elementor-icon-list-item\">\n\t\t\t\t\t\t\t\t\t\t\t<span class=\"elementor-icon-list-icon\">\n\t\t\t\t\t\t\t<svg aria-hidden=\"true\" class=\"e-font-icon-svg e-fas-check-circle\" viewbox=\"0 0 512 512\" xmlns=\"http:\/\/www.w3.org\/2000\/svg\"><path d=\"M504 256c0 136.967-111.033 248-248 248S8 392.967 8 256 119.033 8 256 8s248 111.033 248 248zM227.314 387.314l184-184c6.248-6.248 6.248-16.379 0-22.627l-22.627-22.627c-6.248-6.249-16.379-6.249-22.628 0L216 308.118l-70.059-70.059c-6.248-6.248-16.379-6.248-22.628 0l-22.627 22.627c-6.248 6.248-6.248 16.379 0 22.627l104 104c6.249 6.249 16.379 6.249 22.628.001z\"><\/path><\/svg>\t\t\t\t\t\t<\/span>\n\t\t\t\t\t\t\t\t\t\t<span class=\"elementor-icon-list-text\"> Free credit card, no annual fee<\/span>\n\t\t\t\t\t\t\t\t\t<\/li>\n\t\t\t\t\t\t\t\t<li class=\"elementor-icon-list-item\">\n\t\t\t\t\t\t\t\t\t\t\t<span class=\"elementor-icon-list-icon\">\n\t\t\t\t\t\t\t<svg aria-hidden=\"true\" class=\"e-font-icon-svg e-fas-check-circle\" viewbox=\"0 0 512 512\" xmlns=\"http:\/\/www.w3.org\/2000\/svg\"><path d=\"M504 256c0 136.967-111.033 248-248 248S8 392.967 8 256 119.033 8 256 8s248 111.033 248 248zM227.314 387.314l184-184c6.248-6.248 6.248-16.379 0-22.627l-22.627-22.627c-6.248-6.249-16.379-6.249-22.628 0L216 308.118l-70.059-70.059c-6.248-6.248-16.379-6.248-22.628 0l-22.627 22.627c-6.248 6.248-6.248 16.379 0 22.627l104 104c6.249 6.249 16.379 6.249 22.628.001z\"><\/path><\/svg>\t\t\t\t\t\t<\/span>\n\t\t\t\t\t\t\t\t\t\t<span class=\"elementor-icon-list-text\">CHF 50 initial credit offered!<sup>1<\/sup><\/span>\n\t\t\t\t\t\t\t\t\t<\/li>\n\t\t\t\t\t\t\t\t<li class=\"elementor-icon-list-item\">\n\t\t\t\t\t\t\t\t\t\t\t<span class=\"elementor-icon-list-icon\">\n\t\t\t\t\t\t\t<svg aria-hidden=\"true\" class=\"e-font-icon-svg e-fas-check-circle\" viewbox=\"0 0 512 512\" xmlns=\"http:\/\/www.w3.org\/2000\/svg\"><path d=\"M504 256c0 136.967-111.033 248-248 248S8 392.967 8 256 119.033 8 256 8s248 111.033 248 248zM227.314 387.314l184-184c6.248-6.248 6.248-16.379 0-22.627l-22.627-22.627c-6.248-6.249-16.379-6.249-22.628 0L216 308.118l-70.059-70.059c-6.248-6.248-16.379-6.248-22.628 0l-22.627 22.627c-6.248 6.248-6.248 16.379 0 22.627l104 104c6.249 6.249 16.379 6.249 22.628.001z\"><\/path><\/svg>\t\t\t\t\t\t<\/span>\n\t\t\t\t\t\t\t\t\t\t<span class=\"elementor-icon-list-text\">1% cash back at 3 selected merchants<\/span>\n\t\t\t\t\t\t\t\t\t<\/li>\n\t\t\t\t\t\t\t\t<li class=\"elementor-icon-list-item\">\n\t\t\t\t\t\t\t\t\t\t\t<span class=\"elementor-icon-list-icon\">\n\t\t\t\t\t\t\t<svg aria-hidden=\"true\" class=\"e-font-icon-svg e-fas-check-circle\" viewbox=\"0 0 512 512\" xmlns=\"http:\/\/www.w3.org\/2000\/svg\"><path d=\"M504 256c0 136.967-111.033 248-248 248S8 392.967 8 256 119.033 8 256 8s248 111.033 248 248zM227.314 387.314l184-184c6.248-6.248 6.248-16.379 0-22.627l-22.627-22.627c-6.248-6.249-16.379-6.249-22.628 0L216 308.118l-70.059-70.059c-6.248-6.248-16.379-6.248-22.628 0l-22.627 22.627c-6.248 6.248-6.248 16.379 0 22.627l104 104c6.249 6.249 16.379 6.249 22.628.001z\"><\/path><\/svg>\t\t\t\t\t\t<\/span>\n\t\t\t\t\t\t\t\t\t\t<span class=\"elementor-icon-list-text\">And 0.25% everywhere else<\/span>\n\t\t\t\t\t\t\t\t\t<\/li>\n\t\t\t\t\t\t\t\t<li class=\"elementor-icon-list-item\">\n\t\t\t\t\t\t\t\t\t\t\t<span class=\"elementor-icon-list-icon\">\n\t\t\t\t\t\t\t<svg aria-hidden=\"true\" class=\"e-font-icon-svg e-fas-check-circle\" viewbox=\"0 0 512 512\" xmlns=\"http:\/\/www.w3.org\/2000\/svg\"><path d=\"M504 256c0 136.967-111.033 248-248 248S8 392.967 8 256 119.033 8 256 8s248 111.033 248 248zM227.314 387.314l184-184c6.248-6.248 6.248-16.379 0-22.627l-22.627-22.627c-6.248-6.249-16.379-6.249-22.628 0L216 308.118l-70.059-70.059c-6.248-6.248-16.379-6.248-22.628 0l-22.627 22.627c-6.248 6.248-6.248 16.379 0 22.627l104 104c6.249 6.249 16.379 6.249 22.628.001z\"><\/path><\/svg>\t\t\t\t\t\t<\/span>\n\t\t\t\t\t\t\t\t\t\t<span class=\"elementor-icon-list-text\">Usable worldwide<\/span>\n\t\t\t\t\t\t\t\t\t<\/li>\n\t\t\t\t\t\t\t\t<li class=\"elementor-icon-list-item\">\n\t\t\t\t\t\t\t\t\t\t\t<span class=\"elementor-icon-list-icon\">\n\t\t\t\t\t\t\t<svg aria-hidden=\"true\" class=\"e-font-icon-svg e-fas-check-circle\" viewbox=\"0 0 512 512\" xmlns=\"http:\/\/www.w3.org\/2000\/svg\"><path d=\"M504 256c0 136.967-111.033 248-248 248S8 392.967 8 256 119.033 8 256 8s248 111.033 248 248zM227.314 387.314l184-184c6.248-6.248 6.248-16.379 0-22.627l-22.627-22.627c-6.248-6.249-16.379-6.249-22.628 0L216 308.118l-70.059-70.059c-6.248-6.248-16.379-6.248-22.628 0l-22.627 22.627c-6.248 6.248-6.248 16.379 0 22.627l104 104c6.249 6.249 16.379 6.249 22.628.001z\"><\/path><\/svg>\t\t\t\t\t\t<\/span>\n\t\t\t\t\t\t\t\t\t\t<span class=\"elementor-icon-list-text\">Mobile and contactless payments<\/span>\n\t\t\t\t\t\t\t\t\t<\/li>\n\t\t\t\t\t\t\t\t<li class=\"elementor-icon-list-item\">\n\t\t\t\t\t\t\t\t\t\t\t<span class=\"elementor-icon-list-icon\">\n\t\t\t\t\t\t\t<svg aria-hidden=\"true\" class=\"e-font-icon-svg e-fas-check-circle\" viewbox=\"0 0 512 512\" xmlns=\"http:\/\/www.w3.org\/2000\/svg\"><path d=\"M504 256c0 136.967-111.033 248-248 248S8 392.967 8 256 119.033 8 256 8s248 111.033 248 248zM227.314 387.314l184-184c6.248-6.248 6.248-16.379 0-22.627l-22.627-22.627c-6.248-6.249-16.379-6.249-22.628 0L216 308.118l-70.059-70.059c-6.248-6.248-16.379-6.248-22.628 0l-22.627 22.627c-6.248 6.248-6.248 16.379 0 22.627l104 104c6.249 6.249 16.379 6.249 22.628.001z\"><\/path><\/svg>\t\t\t\t\t\t<\/span>\n\t\t\t\t\t\t\t\t\t\t<span class=\"elementor-icon-list-text\">Free app<\/span>\n\t\t\t\t\t\t\t\t\t<\/li>\n\t\t\t\t\t\t<\/ul>\n\t\t\t\t\t\t<\/div>\n\t\t\t\t<div class=\"elementor-element elementor-element-921fdd8 elementor-align-left animated-fast elementor-invisible elementor-widget elementor-widget-button\" data-id=\"921fdd8\" data-element_type=\"widget\" data-e-type=\"widget\" data-settings=\"{&quot;_animation&quot;:&quot;fadeInLeft&quot;,&quot;_animation_delay&quot;:600}\" data-widget_type=\"button.default\">\n\t\t\t\t\t\t\t\t\t\t<a class=\"elementor-button elementor-button-link elementor-size-sm elementor-animation-grow\" href=\"https:\/\/certo-card.ch\/brand\/fr\/lica\" target=\"_blank\">\n\t\t\t\t\t\t<span class=\"elementor-button-content-wrapper\">\n\t\t\t\t\t\t<span class=\"elementor-button-icon\">\n\t\t\t\t<svg aria-hidden=\"true\" class=\"e-font-icon-svg e-fas-arrow-right\" viewbox=\"0 0 448 512\" xmlns=\"http:\/\/www.w3.org\/2000\/svg\"><path d=\"M190.5 66.9l22.2-22.2c9.4-9.4 24.6-9.4 33.9 0L441 239c9.4 9.4 9.4 24.6 0 33.9L246.6 467.3c-9.4 9.4-24.6 9.4-33.9 0l-22.2-22.2c-9.5-9.5-9.3-25 .4-34.3L311.4 296H24c-13.3 0-24-10.7-24-24v-32c0-13.3 10.7-24 24-24h287.4L190.9 101.2c-9.8-9.3-10-24.8-.4-34.3z\"><\/path><\/svg>\t\t\t<\/span>\n\t\t\t\t\t\t\t\t\t<span class=\"elementor-button-text\">Apply for free<\/span>\n\t\t\t\t\t<\/span>\n\t\t\t\t\t<\/a>\n\t\t\t\t\t\t\t\t<\/div>\n\t\t\t\t<\/div>\n\t\t\t\t<div class=\"elementor-element elementor-element-c51169d animated-slow elementor-hidden-mobile elementor-invisible elementor-widget elementor-widget-image\" data-id=\"c51169d\" data-element_type=\"widget\" data-e-type=\"widget\" data-settings=\"{&quot;_animation&quot;:&quot;tada&quot;,&quot;_animation_delay&quot;:300}\" data-widget_type=\"image.default\">\n\t\t\t\t\t\t\t\t\t\t\t\t\t\t\t\t<a href=\"https:\/\/certo-card.ch\/brand\/fr\/lica\" target=\"_blank\">\n\t\t\t\t\t\t\t<img fetchpriority=\"high\" decoding=\"async\" width=\"460\" height=\"345\" src=\"https:\/\/www.lica.ch\/wp-content\/uploads\/2025\/10\/Carte-De-Credit_Carte-De-Credit_Carte.webp\" class=\"attachment-large size-large wp-image-29682\" alt=\"Credit card\" srcset=\"https:\/\/www.lica.ch\/wp-content\/uploads\/2025\/10\/Carte-De-Credit_Carte-De-Credit_Carte.webp 460w, https:\/\/www.lica.ch\/wp-content\/uploads\/2025\/10\/Carte-De-Credit_Carte-De-Credit_Carte-300x225.webp 300w, https:\/\/www.lica.ch\/wp-content\/uploads\/2025\/10\/Carte-De-Credit_Carte-De-Credit_Carte-16x12.webp 16w\" sizes=\"(max-width: 460px) 100vw, 460px\" \/>\t\t\t\t\t\t\t\t<\/a>\n\t\t\t\t\t\t\t\t\t\t\t\t\t\t\t<\/div>\n\t\t\t\t<\/div>\n\t\t\t\t<div class=\"elementor-element elementor-element-3f512e4 animated-fast elementor-invisible elementor-widget elementor-widget-text-editor\" data-id=\"3f512e4\" data-element_type=\"widget\" data-e-type=\"widget\" data-settings=\"{&quot;_animation&quot;:&quot;fadeInUp&quot;,&quot;_animation_delay&quot;:800}\" data-widget_type=\"text-editor.default\">\n\t\t\t\t\t\t\t\t\t<h3><strong>The issuer is Cembra Money Bank SA, Zurich.<\/strong><\/h3><p>1) The initial credit will be granted once the application has been approved and after the first payment made with the Certo! One Mastercard\u00ae, no later than 31.12.2026. The card application must be submitted to Cembra Money Bank SA by 01.12.2026 at the latest. This offer is exclusively available to persons domiciled in Switzerland.<\/p><p>2) The savings provided by Certo! exclude insurance premiums related to the card, cash withdrawals and cash-equivalent transactions (including securities transactions, foreign exchange operations, and cryptocurrency transactions), fees and interest, gambling and similar services (betting, poker, etc.), as well as payments made with TWINT.<\/p>\t\t\t\t\t\t\t\t<\/div>\n\t\t\t\t\t<\/div>\n\t\t\t\t<\/main>\n\t\t\t\t<\/div>","protected":false},"excerpt":{"rendered":"<p>Un remboursement \u00e0 chaque achat ? Bien s\u00fbr que oui ! Avec la carte Certo! One Mastercard&reg; Lica MyDesign Carte de cr\u00e9dit gratuite, sans cotisation annuelle CHF 50.\u2013 de cr\u00e9dit initial offerts !1 1% rembours\u00e9 sur les achats effectu\u00e9s chez 3 commer\u00e7ants Et 0,25% partout autrement Utilisable dans le monde entier Paiement mobile et sans [&hellip;]<\/p>\n","protected":false},"author":7,"featured_media":29573,"parent":0,"menu_order":0,"comment_status":"closed","ping_status":"closed","template":"elementor_theme","meta":{"footnotes":""},"class_list":["post-29571","page","type-page","status-publish","has-post-thumbnail","hentry"],"_yoast_wpseo_focuskw":"Carte de cr\u00e9dit","_yoast_wpseo_title":"Carte de cr\u00e9dit en Suisse \u2013 Profitez de la meilleure offre du march\u00e9","_yoast_wpseo_metadesc":"Certo! One Mastercard\u00ae Lica : la carte de cr\u00e9dit gratuite avec jusqu'\u00e0 1% de cashback et 50 francs de cr\u00e9dit initial offerts.","yoast_head":"<!-- This site is optimized with the Yoast SEO plugin v27.5 - https:\/\/yoast.com\/product\/yoast-seo-wordpress\/ -->\n<title>Carte de cr\u00e9dit en Suisse \u2013 Profitez de la meilleure offre du march\u00e9<\/title>\n<meta name=\"description\" content=\"Certo! One Mastercard\u00ae Lica : la carte de cr\u00e9dit gratuite avec jusqu&#039;\u00e0 1% de cashback et 50 francs de cr\u00e9dit initial offerts.\" \/>\n<meta name=\"robots\" content=\"index, follow, max-snippet:-1, max-image-preview:large, max-video-preview:-1\" \/>\n<link rel=\"canonical\" href=\"https:\/\/www.lica.ch\/en\/credit-card\/\" \/>\n<meta property=\"og:locale\" content=\"en_US\" \/>\n<meta property=\"og:type\" content=\"article\" \/>\n<meta property=\"og:title\" content=\"Carte de cr\u00e9dit en Suisse \u2013 Profitez de la meilleure offre du march\u00e9\" \/>\n<meta property=\"og:description\" content=\"Certo! One Mastercard\u00ae Lica : la carte de cr\u00e9dit gratuite avec jusqu&#039;\u00e0 1% de cashback et 50 francs de cr\u00e9dit initial offerts.\" \/>\n<meta property=\"og:url\" content=\"https:\/\/www.lica.ch\/en\/credit-card\/\" \/>\n<meta property=\"og:site_name\" content=\"Lica cr\u00e9dit priv\u00e9\" \/>\n<meta property=\"article:publisher\" content=\"https:\/\/www.facebook.com\/lica.suisse\/\" \/>\n<meta property=\"article:modified_time\" content=\"2026-01-17T00:02:48+00:00\" \/>\n<meta property=\"og:image\" content=\"https:\/\/www.lica.ch\/wp-content\/uploads\/2025\/10\/Carte-De-Credit_Carte-De-Credit_IMA.webp\" \/>\n\t<meta property=\"og:image:width\" content=\"1200\" \/>\n\t<meta property=\"og:image:height\" content=\"630\" \/>\n\t<meta property=\"og:image:type\" content=\"image\/webp\" \/>\n<meta name=\"twitter:card\" content=\"summary_large_image\" \/>\n<script type=\"application\/ld+json\" class=\"yoast-schema-graph\">{\"@context\":\"https:\\\/\\\/schema.org\",\"@graph\":[{\"@type\":\"WebPage\",\"@id\":\"https:\\\/\\\/www.lica.ch\\\/carte-de-credit\\\/\",\"url\":\"https:\\\/\\\/www.lica.ch\\\/carte-de-credit\\\/\",\"name\":\"Carte de cr\u00e9dit en Suisse \u2013 Profitez de la meilleure offre du march\u00e9\",\"isPartOf\":{\"@id\":\"https:\\\/\\\/www.lica.ch\\\/en\\\/#website\"},\"primaryImageOfPage\":{\"@id\":\"https:\\\/\\\/www.lica.ch\\\/carte-de-credit\\\/#primaryimage\"},\"image\":{\"@id\":\"https:\\\/\\\/www.lica.ch\\\/carte-de-credit\\\/#primaryimage\"},\"thumbnailUrl\":\"https:\\\/\\\/www.lica.ch\\\/wp-content\\\/uploads\\\/2025\\\/10\\\/Carte-De-Credit_Carte-De-Credit_IMA.webp\",\"datePublished\":\"2025-10-27T21:48:08+00:00\",\"dateModified\":\"2026-01-17T00:02:48+00:00\",\"description\":\"Certo! One Mastercard\u00ae Lica : la carte de cr\u00e9dit gratuite avec jusqu'\u00e0 1% de cashback et 50 francs de cr\u00e9dit initial offerts.\",\"breadcrumb\":{\"@id\":\"https:\\\/\\\/www.lica.ch\\\/carte-de-credit\\\/#breadcrumb\"},\"inLanguage\":\"en-US\",\"potentialAction\":[{\"@type\":\"ReadAction\",\"target\":[\"https:\\\/\\\/www.lica.ch\\\/carte-de-credit\\\/\"]}]},{\"@type\":\"ImageObject\",\"inLanguage\":\"en-US\",\"@id\":\"https:\\\/\\\/www.lica.ch\\\/carte-de-credit\\\/#primaryimage\",\"url\":\"https:\\\/\\\/www.lica.ch\\\/wp-content\\\/uploads\\\/2025\\\/10\\\/Carte-De-Credit_Carte-De-Credit_IMA.webp\",\"contentUrl\":\"https:\\\/\\\/www.lica.ch\\\/wp-content\\\/uploads\\\/2025\\\/10\\\/Carte-De-Credit_Carte-De-Credit_IMA.webp\",\"width\":1200,\"height\":630,\"caption\":\"Carte de cr\u00e9dit\"},{\"@type\":\"BreadcrumbList\",\"@id\":\"https:\\\/\\\/www.lica.ch\\\/carte-de-credit\\\/#breadcrumb\",\"itemListElement\":[{\"@type\":\"ListItem\",\"position\":1,\"name\":\"Accueil\",\"item\":\"https:\\\/\\\/www.lica.ch\\\/\"},{\"@type\":\"ListItem\",\"position\":2,\"name\":\"Carte de cr\u00e9dit\"}]},{\"@type\":\"WebSite\",\"@id\":\"https:\\\/\\\/www.lica.ch\\\/en\\\/#website\",\"url\":\"https:\\\/\\\/www.lica.ch\\\/en\\\/\",\"name\":\"Lica\",\"description\":\"Cr\u00e9dit priv\u00e9\",\"publisher\":{\"@id\":\"https:\\\/\\\/www.lica.ch\\\/en\\\/#organization\"},\"alternateName\":\"Lica\",\"potentialAction\":[{\"@type\":\"SearchAction\",\"target\":{\"@type\":\"EntryPoint\",\"urlTemplate\":\"https:\\\/\\\/www.lica.ch\\\/en\\\/?s={search_term_string}\"},\"query-input\":{\"@type\":\"PropertyValueSpecification\",\"valueRequired\":true,\"valueName\":\"search_term_string\"}}],\"inLanguage\":\"en-US\"},{\"@type\":\"Organization\",\"@id\":\"https:\\\/\\\/www.lica.ch\\\/en\\\/#organization\",\"name\":\"Lica\",\"alternateName\":\"Lica\",\"url\":\"https:\\\/\\\/www.lica.ch\\\/en\\\/\",\"logo\":{\"@type\":\"ImageObject\",\"inLanguage\":\"en-US\",\"@id\":\"https:\\\/\\\/www.lica.ch\\\/en\\\/#\\\/schema\\\/logo\\\/image\\\/\",\"url\":\"https:\\\/\\\/www.lica.ch\\\/wp-content\\\/uploads\\\/2025\\\/10\\\/Logo_Yoast_Jaune_696x696.webp\",\"contentUrl\":\"https:\\\/\\\/www.lica.ch\\\/wp-content\\\/uploads\\\/2025\\\/10\\\/Logo_Yoast_Jaune_696x696.webp\",\"width\":696,\"height\":696,\"caption\":\"Lica\"},\"image\":{\"@id\":\"https:\\\/\\\/www.lica.ch\\\/en\\\/#\\\/schema\\\/logo\\\/image\\\/\"},\"sameAs\":[\"https:\\\/\\\/www.facebook.com\\\/lica.suisse\\\/\",\"https:\\\/\\\/ch.linkedin.com\\\/company\\\/lica-cr\u00e9dit\",\"https:\\\/\\\/www.tiktok.com\\\/@lica.ch\",\"https:\\\/\\\/www.instagram.com\\\/licacredit\\\/\"]}]}<\/script>\n<!-- \/ Yoast SEO plugin. -->","yoast_head_json":{"title":"Credit card in Switzerland \u2013 Take advantage of the best offer on the market","description":"Certo! One Mastercard\u00ae Lica: the free credit card with up to 1% cashback and CHF 50 initial credit included.","robots":{"index":"index","follow":"follow","max-snippet":"max-snippet:-1","max-image-preview":"max-image-preview:large","max-video-preview":"max-video-preview:-1"},"canonical":"https:\/\/www.lica.ch\/en\/credit-card\/","og_locale":"en_US","og_type":"article","og_title":"Carte de cr\u00e9dit en Suisse \u2013 Profitez de la meilleure offre du march\u00e9","og_description":"Certo! One Mastercard\u00ae Lica : la carte de cr\u00e9dit gratuite avec jusqu'\u00e0 1% de cashback et 50 francs de cr\u00e9dit initial offerts.","og_url":"https:\/\/www.lica.ch\/en\/credit-card\/","og_site_name":"Lica cr\u00e9dit priv\u00e9","article_publisher":"https:\/\/www.facebook.com\/lica.suisse\/","article_modified_time":"2026-01-17T00:02:48+00:00","og_image":[{"width":1200,"height":630,"url":"https:\/\/www.lica.ch\/wp-content\/uploads\/2025\/10\/Carte-De-Credit_Carte-De-Credit_IMA.webp","type":"image\/webp"}],"twitter_card":"summary_large_image","schema":{"@context":"https:\/\/schema.org","@graph":[{"@type":"WebPage","@id":"https:\/\/www.lica.ch\/carte-de-credit\/","url":"https:\/\/www.lica.ch\/carte-de-credit\/","name":"Credit card in Switzerland \u2013 Take advantage of the best offer on the market","isPartOf":{"@id":"https:\/\/www.lica.ch\/en\/#website"},"primaryImageOfPage":{"@id":"https:\/\/www.lica.ch\/carte-de-credit\/#primaryimage"},"image":{"@id":"https:\/\/www.lica.ch\/carte-de-credit\/#primaryimage"},"thumbnailUrl":"https:\/\/www.lica.ch\/wp-content\/uploads\/2025\/10\/Carte-De-Credit_Carte-De-Credit_IMA.webp","datePublished":"2025-10-27T21:48:08+00:00","dateModified":"2026-01-17T00:02:48+00:00","description":"Certo! One Mastercard\u00ae Lica: the free credit card with up to 1% cashback and CHF 50 initial credit included.","breadcrumb":{"@id":"https:\/\/www.lica.ch\/carte-de-credit\/#breadcrumb"},"inLanguage":"en-US","potentialAction":[{"@type":"ReadAction","target":["https:\/\/www.lica.ch\/carte-de-credit\/"]}]},{"@type":"ImageObject","inLanguage":"en-US","@id":"https:\/\/www.lica.ch\/carte-de-credit\/#primaryimage","url":"https:\/\/www.lica.ch\/wp-content\/uploads\/2025\/10\/Carte-De-Credit_Carte-De-Credit_IMA.webp","contentUrl":"https:\/\/www.lica.ch\/wp-content\/uploads\/2025\/10\/Carte-De-Credit_Carte-De-Credit_IMA.webp","width":1200,"height":630,"caption":"Carte de cr\u00e9dit"},{"@type":"BreadcrumbList","@id":"https:\/\/www.lica.ch\/carte-de-credit\/#breadcrumb","itemListElement":[{"@type":"ListItem","position":1,"name":"Accueil","item":"https:\/\/www.lica.ch\/"},{"@type":"ListItem","position":2,"name":"Carte de cr\u00e9dit"}]},{"@type":"WebSite","@id":"https:\/\/www.lica.ch\/en\/#website","url":"https:\/\/www.lica.ch\/en\/","name":"Lica","description":"Personal loan","publisher":{"@id":"https:\/\/www.lica.ch\/en\/#organization"},"alternateName":"Lica","potentialAction":[{"@type":"SearchAction","target":{"@type":"EntryPoint","urlTemplate":"https:\/\/www.lica.ch\/en\/?s={search_term_string}"},"query-input":{"@type":"PropertyValueSpecification","valueRequired":true,"valueName":"search_term_string"}}],"inLanguage":"en-US"},{"@type":"Organization","@id":"https:\/\/www.lica.ch\/en\/#organization","name":"Lica","alternateName":"Lica","url":"https:\/\/www.lica.ch\/en\/","logo":{"@type":"ImageObject","inLanguage":"en-US","@id":"https:\/\/www.lica.ch\/en\/#\/schema\/logo\/image\/","url":"https:\/\/www.lica.ch\/wp-content\/uploads\/2025\/10\/Logo_Yoast_Jaune_696x696.webp","contentUrl":"https:\/\/www.lica.ch\/wp-content\/uploads\/2025\/10\/Logo_Yoast_Jaune_696x696.webp","width":696,"height":696,"caption":"Lica"},"image":{"@id":"https:\/\/www.lica.ch\/en\/#\/schema\/logo\/image\/"},"sameAs":["https:\/\/www.facebook.com\/lica.suisse\/","https:\/\/ch.linkedin.com\/company\/lica-cr\u00e9dit","https:\/\/www.tiktok.com\/@lica.ch","https:\/\/www.instagram.com\/licacredit\/"]}]}},"_links":{"self":[{"href":"https:\/\/www.lica.ch\/en\/wp-json\/wp\/v2\/pages\/29571","targetHints":{"allow":["GET"]}}],"collection":[{"href":"https:\/\/www.lica.ch\/en\/wp-json\/wp\/v2\/pages"}],"about":[{"href":"https:\/\/www.lica.ch\/en\/wp-json\/wp\/v2\/types\/page"}],"author":[{"embeddable":true,"href":"https:\/\/www.lica.ch\/en\/wp-json\/wp\/v2\/users\/7"}],"replies":[{"embeddable":true,"href":"https:\/\/www.lica.ch\/en\/wp-json\/wp\/v2\/comments?post=29571"}],"version-history":[{"count":0,"href":"https:\/\/www.lica.ch\/en\/wp-json\/wp\/v2\/pages\/29571\/revisions"}],"wp:featuredmedia":[{"embeddable":true,"href":"https:\/\/www.lica.ch\/en\/wp-json\/wp\/v2\/media\/29573"}],"wp:attachment":[{"href":"https:\/\/www.lica.ch\/en\/wp-json\/wp\/v2\/media?parent=29571"}],"curies":[{"name":"wp","href":"https:\/\/api.w.org\/{rel}","templated":true}]}}